{"id":36,"date":"2026-04-30T07:52:54","date_gmt":"2026-04-30T07:52:54","guid":{"rendered":"https:\/\/www.altinaykumas.com.tr\/site\/?post_type=product&#038;p=36"},"modified":"2026-04-30T08:11:10","modified_gmt":"2026-04-30T08:11:10","slug":"tubihome-ikili-dekoratif-mindergri-kopya","status":"publish","type":"product","link":"https:\/\/www.altinaykumas.com.tr\/site\/urun\/tubihome-ikili-dekoratif-mindergri-kopya\/","title":{"rendered":"Tubihome \u0130kili Dekoratif Minder,Gri (Kopya)"},"content":{"rendered":"<div class=\"n6owBd awi2gc\" data-sfc-cp=\"\" data-sfc-root=\"c\" data-sfc-cb=\"\" data-hveid=\"CAEIABAC\" data-copy-service-computed-style=\"font-family: &quot;Google Sans&quot;, Arial, sans-serif; font-size: 16px; font-weight: 400; margin: 0px 0px 16px; text-decoration: none; border-bottom: 0px rgb(10, 10, 10);\"><span data-subtree=\"aimfl,mfl\" data-copy-service-computed-style=\"font-family: &quot;Google Sans&quot;, Arial, sans-serif; font-size: 16px; font-weight: 400; margin: 0px; text-decoration: none; border-bottom: 0px rgb(10, 10, 10);\">Lorem ipsum, <\/span><mark class=\"HxTRcb\" data-sfc-root=\"c\" data-sfc-cb=\"\" data-copy-service-computed-style=\"font-family: &quot;Google Sans&quot;, Arial, sans-serif; font-size: 16px; font-weight: 500; margin: 0px; text-decoration: none; border-bottom: 0px rgb(0, 29, 53);\">matbaac\u0131l\u0131k ve dizgi sekt\u00f6r\u00fcnde kullan\u0131lan, anlaml\u0131 olmayan standart sahte metinlerdir<!--TgQPHd|[]--><\/mark>. 1500&#8217;lerden beri kullan\u0131lan bu metinler, tasar\u0131mc\u0131lar\u0131n i\u00e7erik yer tutucu olarak kulland\u0131\u011f\u0131, Cicero&#8217;nun &#8220;De finibus bonorum et malorum&#8221; eserinden t\u00fcretilen ve okunabilirli\u011fi engellemeyen rastgele harf da\u011f\u0131l\u0131m\u0131 sa\u011flayan i\u00e7eriklerdir.\u00a0<!--TgQPHd|[]--><\/div>\n<div class=\"n6owBd awi2gc\" data-sfc-cp=\"\" data-sfc-root=\"c\" data-sfc-cb=\"\" data-hveid=\"CAEIABAG\" data-copy-service-computed-style=\"font-family: &quot;Google Sans&quot;, Arial, sans-serif; font-size: 16px; font-weight: 400; margin: 12px 0px 16px; text-decoration: none; border-bottom: 0px rgb(10, 10, 10);\"><strong class=\"Yjhzub\" data-sfc-root=\"c\" data-sfc-cb=\"\" data-copy-service-computed-style=\"font-family: &quot;Google Sans&quot;, Arial, sans-serif; font-size: 16px; font-weight: 600; margin: 0px; text-decoration: none; border-bottom: 0px rgb(10, 10, 10);\">Lorem Ipsum Hakk\u0131nda Temel Bilgiler:<!--TgQPHd|[]--><\/strong><!--TgQPHd|[]--><\/div>\n<div class=\"\" data-bfc=\"\" data-ved=\"2ahUKEwj6k7ScipWUAxVAR_EDHayjEfMQi4wTegYIAQgAEAg\" data-copy-service-computed-style=\"font-family: &quot;Google Sans&quot;, Arial, sans-serif; font-size: 16px; font-weight: 400; margin: 0px; text-decoration: none; border-bottom: 0px rgb(10, 10, 10);\">\n<ul class=\"KsbFXc U6u95\" data-sfc-root=\"c\" data-sfc-cb=\"\" data-copy-service-computed-style=\"font-family: &quot;Google Sans&quot;, Arial, sans-serif; font-size: 16px; font-weight: 400; margin: 16px 0px; text-decoration: none; border-bottom: 0px rgb(10, 10, 10);\">\n<li class=\"Z1qcYe\" data-sfc-cp=\"\" data-sfc-root=\"c\" data-sfc-cb=\"\" data-hveid=\"CAEIABAJ\" data-copy-service-computed-style=\"font-family: &quot;Google Sans&quot;, Arial, sans-serif; font-size: 16px; font-weight: 400; margin: 0px 0px 12px; text-decoration: none; border-bottom: 0px rgb(10, 10, 10);\"><span class=\"T286Pc\" data-sfc-cp=\"\" data-sfc-root=\"c\" data-sfc-cb=\"\" data-copy-service-computed-style=\"font-family: &quot;Google Sans&quot;, Arial, sans-serif; font-size: 16px; font-weight: 400; margin: 0px; text-decoration: none; border-bottom: 0px rgb(10, 10, 10);\"><strong class=\"Yjhzub\" data-sfc-root=\"c\" data-sfc-cb=\"\" data-copy-service-computed-style=\"font-family: &quot;Google Sans&quot;, Arial, sans-serif; font-size: 16px; font-weight: 600; margin: 0px; text-decoration: none; border-bottom: 0px rgb(10, 10, 10);\">K\u00f6keni:<!--TgQPHd|[]--><\/strong> M\u00d6 45 y\u0131l\u0131nda \u00c7i\u00e7ero taraf\u0131ndan yaz\u0131lan <em class=\"eujQNb\" data-sfc-root=\"c\" data-sfc-cb=\"\" data-copy-service-computed-style=\"font-family: &quot;Google Sans&quot;, Arial, sans-serif; font-size: 16px; font-weight: 400; margin: 0px; text-decoration: none; border-bottom: 0px rgb(10, 10, 10);\">De Finibus Bonorum et Malorum<!--TgQPHd|[]--><\/em> (\u0130yilik ve K\u00f6t\u00fcl\u00fc\u011f\u00fcn U\u00e7lar\u0131) kitab\u0131na dayan\u0131r.<!--TgQPHd|[]--><\/span><!--TgQPHd|[]--><\/li>\n<li class=\"Z1qcYe\" data-sfc-cp=\"\" data-sfc-root=\"c\" data-sfc-cb=\"\" data-hveid=\"CAEIABAK\" data-copy-service-computed-style=\"font-family: &quot;Google Sans&quot;, Arial, sans-serif; font-size: 16px; font-weight: 400; margin: 0px 0px 12px; text-decoration: none; border-bottom: 0px rgb(10, 10, 10);\"><span class=\"T286Pc\" data-sfc-cp=\"\" data-sfc-root=\"c\" data-sfc-cb=\"\" data-copy-service-computed-style=\"font-family: &quot;Google Sans&quot;, Arial, sans-serif; font-size: 16px; font-weight: 400; margin: 0px; text-decoration: none; border-bottom: 0px rgb(10, 10, 10);\"><strong class=\"Yjhzub\" data-sfc-root=\"c\" data-sfc-cb=\"\" data-copy-service-computed-style=\"font-family: &quot;Google Sans&quot;, Arial, sans-serif; font-size: 16px; font-weight: 600; margin: 0px; text-decoration: none; border-bottom: 0px rgb(10, 10, 10);\">Kullan\u0131m Amac\u0131:<!--TgQPHd|[]--><\/strong> Bir tasar\u0131m\u0131n (web sitesi, bro\u015f\u00fcr, dergi) nihai i\u00e7erik yerle\u015ftirilmeden \u00f6nce d\u00fczenini, tipografisini ve mizanpaj\u0131n\u0131 g\u00f6stermek i\u00e7in kullan\u0131l\u0131r.<!--TgQPHd|[]--><\/span><!--TgQPHd|[]--><\/li>\n<li class=\"Z1qcYe\" data-sfc-cp=\"\" data-sfc-root=\"c\" data-sfc-cb=\"\" data-hveid=\"CAEIABAL\" data-copy-service-computed-style=\"font-family: &quot;Google Sans&quot;, Arial, sans-serif; font-size: 16px; font-weight: 400; margin: 0px 0px 12px; text-decoration: none; border-bottom: 0px rgb(10, 10, 10);\"><span class=\"T286Pc\" data-sfc-cp=\"\" data-sfc-root=\"c\" data-sfc-cb=\"\" data-copy-service-computed-style=\"font-family: &quot;Google Sans&quot;, Arial, sans-serif; font-size: 16px; font-weight: 400; margin: 0px; text-decoration: none; border-bottom: 0px rgb(10, 10, 10);\"><strong class=\"Yjhzub\" data-sfc-root=\"c\" data-sfc-cb=\"\" data-copy-service-computed-style=\"font-family: &quot;Google Sans&quot;, Arial, sans-serif; font-size: 16px; font-weight: 600; margin: 0px; text-decoration: none; border-bottom: 0px rgb(10, 10, 10);\">Neden Kullan\u0131l\u0131r?<!--TgQPHd|[]--><\/strong><span data-copy-service-computed-style=\"font-family: &quot;Google Sans&quot;, Arial, sans-serif; font-size: 16px; font-weight: 400; margin: 0px; text-decoration: none; border-bottom: 0px rgb(10, 10, 10);\"> Ger\u00e7ek metinler kullan\u0131ld\u0131\u011f\u0131nda tasar\u0131m\u0131n kendisinden ziyade i\u00e7eri\u011fin okunmas\u0131na odaklan\u0131lmas\u0131 (dikkat da\u011f\u0131lmas\u0131) nedeniyle, Lorem Ipsum tercih edilir.<\/span><\/span><\/li>\n<\/ul>\n<\/div>\n","protected":false},"excerpt":{"rendered":"<p>Lorem ipsum, matbaac\u0131l\u0131k ve dizgi sekt\u00f6r\u00fcnde kullan\u0131lan, anlaml\u0131 olmayan standart sahte metinlerdir. 1500&#8217;lerden beri kullan\u0131lan bu metinler, tasar\u0131mc\u0131lar\u0131n i\u00e7erik yer tutucu olarak kulland\u0131\u011f\u0131, Cicero&#8217;nun &#8220;De finibus bonorum et malorum&#8221; eserinden t\u00fcretilen ve okunabilirli\u011fi engellemeyen rastgele harf da\u011f\u0131l\u0131m\u0131 sa\u011flayan i\u00e7eriklerdir.\u00a0 Lorem Ipsum Hakk\u0131nda Temel Bilgiler: K\u00f6keni: M\u00d6 45 y\u0131l\u0131nda \u00c7i\u00e7ero taraf\u0131ndan yaz\u0131lan De Finibus Bonorum et [&hellip;]<\/p>\n","protected":false},"featured_media":16,"comment_status":"open","ping_status":"closed","template":"","meta":[],"product_brand":[],"product_cat":[15],"product_tag":[],"class_list":{"0":"post-36","1":"product","2":"type-product","3":"status-publish","4":"has-post-thumbnail","6":"product_cat-perde","8":"first","9":"instock","10":"taxable","11":"shipping-taxable","12":"purchasable","13":"product-type-simple"},"_links":{"self":[{"href":"https:\/\/www.altinaykumas.com.tr\/site\/wp-json\/wp\/v2\/product\/36","targetHints":{"allow":["GET"]}}],"collection":[{"href":"https:\/\/www.altinaykumas.com.tr\/site\/wp-json\/wp\/v2\/product"}],"about":[{"href":"https:\/\/www.altinaykumas.com.tr\/site\/wp-json\/wp\/v2\/types\/product"}],"replies":[{"embeddable":true,"href":"https:\/\/www.altinaykumas.com.tr\/site\/wp-json\/wp\/v2\/comments?post=36"}],"wp:featuredmedia":[{"embeddable":true,"href":"https:\/\/www.altinaykumas.com.tr\/site\/wp-json\/wp\/v2\/media\/16"}],"wp:attachment":[{"href":"https:\/\/www.altinaykumas.com.tr\/site\/wp-json\/wp\/v2\/media?parent=36"}],"wp:term":[{"taxonomy":"product_brand","embeddable":true,"href":"https:\/\/www.altinaykumas.com.tr\/site\/wp-json\/wp\/v2\/product_brand?post=36"},{"taxonomy":"product_cat","embeddable":true,"href":"https:\/\/www.altinaykumas.com.tr\/site\/wp-json\/wp\/v2\/product_cat?post=36"},{"taxonomy":"product_tag","embeddable":true,"href":"https:\/\/www.altinaykumas.com.tr\/site\/wp-json\/wp\/v2\/product_tag?post=36"}],"curies":[{"name":"wp","href":"https:\/\/api.w.org\/{rel}","templated":true}]}}