{"id":258,"date":"2026-05-15T21:20:53","date_gmt":"2026-05-15T21:20:53","guid":{"rendered":"https:\/\/www.altinaykumas.com.tr\/site\/?post_type=product&#038;p=258"},"modified":"2026-05-15T21:20:53","modified_gmt":"2026-05-15T21:20:53","slug":"capa-bej-cift-kisilik-3-parca-pike-seti","status":"publish","type":"product","link":"https:\/\/www.altinaykumas.com.tr\/site\/urun\/capa-bej-cift-kisilik-3-parca-pike-seti\/","title":{"rendered":"\u00c7APA BEJ \u00c7\u0130FT K\u0130\u015e\u0130L\u0130K 3 PAR\u00c7A P\u0130KE SET\u0130"},"content":{"rendered":"<p>\u00c7apa Bej 3 Par\u00e7a Pike Seti<br \/>\n\u00c7ift Ki\u015filik<br \/>\n2600 tl<br \/>\n240\u00d7260 pike<br \/>\n50\u00d770 2 adet yast\u0131k k\u0131l\u0131f\u0131<\/p>\n","protected":false},"excerpt":{"rendered":"<p>\u00c7apa Bej 3 Par\u00e7a Pike Seti<br \/>\n\u00c7ift Ki\u015filik<br \/>\n2600 tl<br \/>\n240\u00d7260 pike<br \/>\n50\u00d770 2 adet yast\u0131k k\u0131l\u0131f\u0131<\/p>\n","protected":false},"featured_media":259,"comment_status":"open","ping_status":"closed","template":"","meta":[],"product_brand":[],"product_cat":[21],"product_tag":[49,50,48,51],"class_list":{"0":"post-258","1":"product","2":"type-product","3":"status-publish","4":"has-post-thumbnail","6":"product_cat-battaniye","7":"product_tag-bej","8":"product_tag-capa","9":"product_tag-pike-takimi","10":"product_tag-yumusak","12":"first","13":"instock","14":"sale","15":"taxable","16":"shipping-taxable","17":"purchasable","18":"product-type-simple"},"_links":{"self":[{"href":"https:\/\/www.altinaykumas.com.tr\/site\/wp-json\/wp\/v2\/product\/258","targetHints":{"allow":["GET"]}}],"collection":[{"href":"https:\/\/www.altinaykumas.com.tr\/site\/wp-json\/wp\/v2\/product"}],"about":[{"href":"https:\/\/www.altinaykumas.com.tr\/site\/wp-json\/wp\/v2\/types\/product"}],"replies":[{"embeddable":true,"href":"https:\/\/www.altinaykumas.com.tr\/site\/wp-json\/wp\/v2\/comments?post=258"}],"wp:featuredmedia":[{"embeddable":true,"href":"https:\/\/www.altinaykumas.com.tr\/site\/wp-json\/wp\/v2\/media\/259"}],"wp:attachment":[{"href":"https:\/\/www.altinaykumas.com.tr\/site\/wp-json\/wp\/v2\/media?parent=258"}],"wp:term":[{"taxonomy":"product_brand","embeddable":true,"href":"https:\/\/www.altinaykumas.com.tr\/site\/wp-json\/wp\/v2\/product_brand?post=258"},{"taxonomy":"product_cat","embeddable":true,"href":"https:\/\/www.altinaykumas.com.tr\/site\/wp-json\/wp\/v2\/product_cat?post=258"},{"taxonomy":"product_tag","embeddable":true,"href":"https:\/\/www.altinaykumas.com.tr\/site\/wp-json\/wp\/v2\/product_tag?post=258"}],"curies":[{"name":"wp","href":"https:\/\/api.w.org\/{rel}","templated":true}]}}