{"id":254,"date":"2026-05-15T21:07:43","date_gmt":"2026-05-15T21:07:43","guid":{"rendered":"https:\/\/www.altinaykumas.com.tr\/site\/?post_type=product&#038;p=254"},"modified":"2026-05-15T21:07:43","modified_gmt":"2026-05-15T21:07:43","slug":"pied-stone-cift-kisilik-yorgan","status":"publish","type":"product","link":"https:\/\/www.altinaykumas.com.tr\/site\/urun\/pied-stone-cift-kisilik-yorgan\/","title":{"rendered":"P\u0130ED STONE \u00c7\u0130FT K\u0130\u015e\u0130L\u0130K YORGAN"},"content":{"rendered":"<p>P\u0130ED STONE YORGAN<br \/>\n\u00c7\u0130FT K\u0130\u015e\u0130L\u0130K<br \/>\nEBAT 195X215<br \/>\nBONCUK S\u0130L\u0130KON<br \/>\nYIKANAB\u0130L\u0130R<\/p>\n","protected":false},"excerpt":{"rendered":"<p>P\u0130ED STONE YORGAN<br \/>\n\u00c7\u0130FT K\u0130\u015e\u0130L\u0130K<br \/>\nEBAT 195X215<br \/>\nBONCUK S\u0130L\u0130KON<br \/>\nYIKANAB\u0130L\u0130R<\/p>\n","protected":false},"featured_media":255,"comment_status":"open","ping_status":"closed","template":"","meta":[],"product_brand":[37],"product_cat":[20],"product_tag":[36,47,46,45],"class_list":{"0":"post-254","1":"product","2":"type-product","3":"status-publish","4":"has-post-thumbnail","6":"product_brand-pied-stone","7":"product_cat-yorgan","8":"product_tag-cift-kisilik","9":"product_tag-pied-stone","10":"product_tag-yikanabilir","11":"product_tag-yorgan","13":"first","14":"instock","15":"sale","16":"taxable","17":"shipping-taxable","18":"purchasable","19":"product-type-simple"},"_links":{"self":[{"href":"https:\/\/www.altinaykumas.com.tr\/site\/wp-json\/wp\/v2\/product\/254","targetHints":{"allow":["GET"]}}],"collection":[{"href":"https:\/\/www.altinaykumas.com.tr\/site\/wp-json\/wp\/v2\/product"}],"about":[{"href":"https:\/\/www.altinaykumas.com.tr\/site\/wp-json\/wp\/v2\/types\/product"}],"replies":[{"embeddable":true,"href":"https:\/\/www.altinaykumas.com.tr\/site\/wp-json\/wp\/v2\/comments?post=254"}],"wp:featuredmedia":[{"embeddable":true,"href":"https:\/\/www.altinaykumas.com.tr\/site\/wp-json\/wp\/v2\/media\/255"}],"wp:attachment":[{"href":"https:\/\/www.altinaykumas.com.tr\/site\/wp-json\/wp\/v2\/media?parent=254"}],"wp:term":[{"taxonomy":"product_brand","embeddable":true,"href":"https:\/\/www.altinaykumas.com.tr\/site\/wp-json\/wp\/v2\/product_brand?post=254"},{"taxonomy":"product_cat","embeddable":true,"href":"https:\/\/www.altinaykumas.com.tr\/site\/wp-json\/wp\/v2\/product_cat?post=254"},{"taxonomy":"product_tag","embeddable":true,"href":"https:\/\/www.altinaykumas.com.tr\/site\/wp-json\/wp\/v2\/product_tag?post=254"}],"curies":[{"name":"wp","href":"https:\/\/api.w.org\/{rel}","templated":true}]}}