{"id":252,"date":"2026-05-15T21:01:26","date_gmt":"2026-05-15T21:01:26","guid":{"rendered":"https:\/\/www.altinaykumas.com.tr\/site\/?post_type=product&#038;p=252"},"modified":"2026-05-15T21:02:18","modified_gmt":"2026-05-15T21:02:18","slug":"sarar-desenli-battaniye-4-kg-kabartmali-3","status":"publish","type":"product","link":"https:\/\/www.altinaykumas.com.tr\/site\/urun\/sarar-desenli-battaniye-4-kg-kabartmali-3\/","title":{"rendered":"SARAR DESENL\u0130 BATTAN\u0130YE ( 4 KG ) KABARTMALI"},"content":{"rendered":"<p>EBAT : 200X240 BATTAN\u0130YE<br \/>\nA\u011eIRLIK 4 KG<br \/>\nKABARTMALI DESEN<\/p>\n","protected":false},"excerpt":{"rendered":"<p>EBAT : 200X240 BATTAN\u0130YE<br \/>\nA\u011eIRLIK 4 KG<br \/>\nKABARTMALI DESEN<\/p>\n","protected":false},"featured_media":244,"comment_status":"open","ping_status":"closed","template":"","meta":[],"product_brand":[41],"product_cat":[21],"product_tag":[42,43,44],"class_list":{"0":"post-252","1":"product","2":"type-product","3":"status-publish","4":"has-post-thumbnail","6":"product_brand-sarar","7":"product_cat-battaniye","8":"product_tag-battaniye","9":"product_tag-kabartma-desenli","10":"product_tag-sarar-markasi","12":"first","13":"instock","14":"sale","15":"taxable","16":"shipping-taxable","17":"purchasable","18":"product-type-simple"},"_links":{"self":[{"href":"https:\/\/www.altinaykumas.com.tr\/site\/wp-json\/wp\/v2\/product\/252","targetHints":{"allow":["GET"]}}],"collection":[{"href":"https:\/\/www.altinaykumas.com.tr\/site\/wp-json\/wp\/v2\/product"}],"about":[{"href":"https:\/\/www.altinaykumas.com.tr\/site\/wp-json\/wp\/v2\/types\/product"}],"replies":[{"embeddable":true,"href":"https:\/\/www.altinaykumas.com.tr\/site\/wp-json\/wp\/v2\/comments?post=252"}],"wp:featuredmedia":[{"embeddable":true,"href":"https:\/\/www.altinaykumas.com.tr\/site\/wp-json\/wp\/v2\/media\/244"}],"wp:attachment":[{"href":"https:\/\/www.altinaykumas.com.tr\/site\/wp-json\/wp\/v2\/media?parent=252"}],"wp:term":[{"taxonomy":"product_brand","embeddable":true,"href":"https:\/\/www.altinaykumas.com.tr\/site\/wp-json\/wp\/v2\/product_brand?post=252"},{"taxonomy":"product_cat","embeddable":true,"href":"https:\/\/www.altinaykumas.com.tr\/site\/wp-json\/wp\/v2\/product_cat?post=252"},{"taxonomy":"product_tag","embeddable":true,"href":"https:\/\/www.altinaykumas.com.tr\/site\/wp-json\/wp\/v2\/product_tag?post=252"}],"curies":[{"name":"wp","href":"https:\/\/api.w.org\/{rel}","templated":true}]}}