{"id":228,"date":"2026-05-15T20:29:19","date_gmt":"2026-05-15T20:29:19","guid":{"rendered":"https:\/\/www.altinaykumas.com.tr\/site\/?post_type=product&#038;p=228"},"modified":"2026-05-15T20:41:22","modified_gmt":"2026-05-15T20:41:22","slug":"pied-stone-yastik-800-gr","status":"publish","type":"product","link":"https:\/\/www.altinaykumas.com.tr\/site\/urun\/pied-stone-yastik-800-gr\/","title":{"rendered":"P\u0130ED STONE YASTIK ( 800 GR )"},"content":{"rendered":"<p>P\u0130ED STONE YASTIK<br \/>\nA\u011eIRLIK 800 GR<br \/>\nBEYAZ DESEN<br \/>\nBONCUK S\u0130L\u0130KON<br \/>\nMAK\u0130NADA YIKANAB\u0130L\u0130R<\/p>\n","protected":false},"excerpt":{"rendered":"<p>P\u0130ED STONE YASTIK<br \/>\nA\u011eIRLIK 800 GR<br \/>\nBEYAZ DESEN<\/p>\n","protected":false},"featured_media":231,"comment_status":"open","ping_status":"closed","template":"","meta":[],"product_brand":[37],"product_cat":[22],"product_tag":[40,39,38],"class_list":{"0":"post-228","1":"product","2":"type-product","3":"status-publish","4":"has-post-thumbnail","6":"product_brand-pied-stone","7":"product_cat-yastik","8":"product_tag-antibakteriyel","9":"product_tag-elyaf","10":"product_tag-pamuk-polyester","12":"first","13":"instock","14":"sale","15":"taxable","16":"shipping-taxable","17":"purchasable","18":"product-type-simple"},"_links":{"self":[{"href":"https:\/\/www.altinaykumas.com.tr\/site\/wp-json\/wp\/v2\/product\/228","targetHints":{"allow":["GET"]}}],"collection":[{"href":"https:\/\/www.altinaykumas.com.tr\/site\/wp-json\/wp\/v2\/product"}],"about":[{"href":"https:\/\/www.altinaykumas.com.tr\/site\/wp-json\/wp\/v2\/types\/product"}],"replies":[{"embeddable":true,"href":"https:\/\/www.altinaykumas.com.tr\/site\/wp-json\/wp\/v2\/comments?post=228"}],"wp:featuredmedia":[{"embeddable":true,"href":"https:\/\/www.altinaykumas.com.tr\/site\/wp-json\/wp\/v2\/media\/231"}],"wp:attachment":[{"href":"https:\/\/www.altinaykumas.com.tr\/site\/wp-json\/wp\/v2\/media?parent=228"}],"wp:term":[{"taxonomy":"product_brand","embeddable":true,"href":"https:\/\/www.altinaykumas.com.tr\/site\/wp-json\/wp\/v2\/product_brand?post=228"},{"taxonomy":"product_cat","embeddable":true,"href":"https:\/\/www.altinaykumas.com.tr\/site\/wp-json\/wp\/v2\/product_cat?post=228"},{"taxonomy":"product_tag","embeddable":true,"href":"https:\/\/www.altinaykumas.com.tr\/site\/wp-json\/wp\/v2\/product_tag?post=228"}],"curies":[{"name":"wp","href":"https:\/\/api.w.org\/{rel}","templated":true}]}}