{"id":224,"date":"2026-05-15T18:32:28","date_gmt":"2026-05-15T18:32:28","guid":{"rendered":"https:\/\/www.altinaykumas.com.tr\/site\/?post_type=product&#038;p=224"},"modified":"2026-05-15T18:43:17","modified_gmt":"2026-05-15T18:43:17","slug":"merinos-modern-line-3lu-battaniye-seti-cift-kisilik","status":"publish","type":"product","link":"https:\/\/www.altinaykumas.com.tr\/site\/urun\/merinos-modern-line-3lu-battaniye-seti-cift-kisilik\/","title":{"rendered":"MER\u0130NOS MODERN L\u0130NE 3&#8217;L\u00dc BATTAN\u0130YE SET\u0130 BEYAZ \u00c7\u0130FT K\u0130\u015e\u0130L\u0130K"},"content":{"rendered":"<p>220X240 BATTAN\u0130YE<br \/>\n50X70 EBATINDA YASTIK KILIFI ( 2 ADET )<br \/>\n\u00c7\u0130FT K\u0130\u015e\u0130L\u0130K <\/p>\n","protected":false},"excerpt":{"rendered":"<p>220X240 BATTAN\u0130YE<br \/>\n50X70 EBATINDA YASTIK KILIFI ( 2 ADET )<br \/>\n\u00c7\u0130FT K\u0130\u015e\u0130L\u0130K <\/p>\n","protected":false},"featured_media":225,"comment_status":"open","ping_status":"closed","template":"","meta":[],"product_brand":[33],"product_cat":[21],"product_tag":[36,35,34],"class_list":{"0":"post-224","1":"product","2":"type-product","3":"status-publish","4":"has-post-thumbnail","6":"product_brand-merinos","7":"product_cat-battaniye","8":"product_tag-cift-kisilik","9":"product_tag-hava-gecirgen","10":"product_tag-polyester","12":"first","13":"instock","14":"sale","15":"taxable","16":"shipping-taxable","17":"purchasable","18":"product-type-simple"},"_links":{"self":[{"href":"https:\/\/www.altinaykumas.com.tr\/site\/wp-json\/wp\/v2\/product\/224","targetHints":{"allow":["GET"]}}],"collection":[{"href":"https:\/\/www.altinaykumas.com.tr\/site\/wp-json\/wp\/v2\/product"}],"about":[{"href":"https:\/\/www.altinaykumas.com.tr\/site\/wp-json\/wp\/v2\/types\/product"}],"replies":[{"embeddable":true,"href":"https:\/\/www.altinaykumas.com.tr\/site\/wp-json\/wp\/v2\/comments?post=224"}],"wp:featuredmedia":[{"embeddable":true,"href":"https:\/\/www.altinaykumas.com.tr\/site\/wp-json\/wp\/v2\/media\/225"}],"wp:attachment":[{"href":"https:\/\/www.altinaykumas.com.tr\/site\/wp-json\/wp\/v2\/media?parent=224"}],"wp:term":[{"taxonomy":"product_brand","embeddable":true,"href":"https:\/\/www.altinaykumas.com.tr\/site\/wp-json\/wp\/v2\/product_brand?post=224"},{"taxonomy":"product_cat","embeddable":true,"href":"https:\/\/www.altinaykumas.com.tr\/site\/wp-json\/wp\/v2\/product_cat?post=224"},{"taxonomy":"product_tag","embeddable":true,"href":"https:\/\/www.altinaykumas.com.tr\/site\/wp-json\/wp\/v2\/product_tag?post=224"}],"curies":[{"name":"wp","href":"https:\/\/api.w.org\/{rel}","templated":true}]}}